{"id":1804,"date":"2022-03-17T13:35:38","date_gmt":"2022-03-17T13:35:38","guid":{"rendered":"http:\/\/translatium.com\/portfolio"},"modified":"2022-04-11T19:10:14","modified_gmt":"2022-04-11T19:10:14","slug":"portfolio","status":"publish","type":"page","link":"https:\/\/translatium.com\/de\/portfolio","title":{"rendered":"Portfolio"},"content":{"rendered":"<p>[et_pb_section fb_built=&#8220;1&#8243; fullwidth=&#8220;on&#8220; _builder_version=&#8220;4.15&#8243; _module_preset=&#8220;default&#8220; global_colors_info=&#8220;{}&#8220;][et_pb_fullwidth_slider _builder_version=&#8220;4.14.8&#8243; _module_preset=&#8220;default&#8220; header_text_align=&#8220;left&#8220; body_font_size=&#8220;50px&#8220; use_background_color_gradient=&#8220;on&#8220; background_color_gradient_start=&#8220;rgba(0,0,0,0.3)&#8220; background_color_gradient_end=&#8220;rgba(0,0,0,0.3)&#8220; background_color_gradient_overlays_image=&#8220;on&#8220; text_orientation=&#8220;left&#8220; module_alignment=&#8220;center&#8220; content_width=&#8220;60%&#8220; content_width_tablet=&#8220;70%&#8220; content_width_phone=&#8220;100%&#8220; content_width_last_edited=&#8220;on|tablet&#8220; custom_padding=&#8220;20px||20px||true|false&#8220; body_font_size_tablet=&#8220;50px&#8220; body_font_size_phone=&#8220;30px&#8220; body_font_size_last_edited=&#8220;on|desktop&#8220; custom_css_slide_description=&#8220;border-left: 4px solid #2c6472;||padding-left: 20px;||margin-left: 35%;&#8220; global_colors_info=&#8220;{}&#8220; custom_css_slide_description__hover_enabled=&#8220;off|desktop&#8220; custom_css_slide_description_last_edited=&#8220;on|phone&#8220; custom_css_slide_description_phone=&#8220;||border-left: 4px solid #2c6472;||padding-left: 20px;||margin-left: 70px;&#8220; custom_css_slide_description_tablet=&#8220;border-left: 4px solid #2c6472;||padding-left: 20px;||margin-left: 100px&#8220;][et_pb_slide heading=&#8220;F\u00c4LLE &#8220; _builder_version=&#8220;4.15&#8243; _module_preset=&#8220;default&#8220; background_enable_color=&#8220;off&#8220; background_image=&#8220;http:\/\/translatium.com\/wp-content\/uploads\/2022\/03\/pag-portfolio.jpg&#8220; background_enable_image=&#8220;on&#8220; custom_css_main_element=&#8220;display: flex !important;||flex-direction:row !important;||align-items:center !important;||height: 580px !important;&#8220; global_colors_info=&#8220;{}&#8220; sticky_transition=&#8220;on&#8220;]<\/p>\n<p>DES ERFOLGS<\/p>\n<p>[\/et_pb_slide][\/et_pb_fullwidth_slider][\/et_pb_section][et_pb_section fb_built=&#8220;1&#8243; _builder_version=&#8220;4.15&#8243; _module_preset=&#8220;default&#8220; global_colors_info=&#8220;{}&#8220;][et_pb_row _builder_version=&#8220;4.15&#8243; _module_preset=&#8220;default&#8220; width=&#8220;90%&#8220; width_tablet=&#8220;&#8220; width_phone=&#8220;&#8220; width_last_edited=&#8220;on|phone&#8220; max_width=&#8220;90%&#8220; global_colors_info=&#8220;{}&#8220;][et_pb_column type=&#8220;4_4&#8243; _builder_version=&#8220;4.15&#8243; _module_preset=&#8220;default&#8220; global_colors_info=&#8220;{}&#8220;][et_pb_code _builder_version=&#8220;4.15.1&#8243; _module_preset=&#8220;default&#8220; hover_enabled=&#8220;0&#8243; global_colors_info=&#8220;{}&#8220; sticky_enabled=&#8220;0&#8243;]<\/p>\n<div class=\"row\"><!-- [et_pb_line_break_holder] -->        <a href=\"http:\/\/translatium.com\/wp-content\/uploads\/2022\/04\/REBY_casos-de-exito_DE.pdf\"><!-- [et_pb_line_break_holder] -->          <\/p>\n<div class=\"target\"><!-- [et_pb_line_break_holder] -->            <\/p>\n<div class=\"head-target\"><!-- [et_pb_line_break_holder] -->              <img decoding=\"async\" src=\"http:\/\/translatium.com\/wp-content\/uploads\/2022\/03\/redyrides.png.jpg\"<!-- [et_pb_line_break_holder] --> alt=&#8220;p1&#8243;<!-- [et_pb_line_break_holder] --> \/><!-- [et_pb_line_break_holder] -->            <\/div>\n<p><!-- [et_pb_line_break_holder] -->            <\/p>\n<div class=\"body-target\"><!-- [et_pb_line_break_holder] -->              <\/p>\n<h4>Reby Rides SL<\/h4>\n<p><!-- [et_pb_line_break_holder] -->            <\/div>\n<p><!-- [et_pb_line_break_holder] -->          <\/div>\n<p><!-- [et_pb_line_break_holder] -->        <\/a><!-- [et_pb_line_break_holder] -->        <a href=\"http:\/\/translatium.com\/wp-content\/uploads\/2022\/04\/DUNKIN_CASO-EXITO_DE.pdf\"><!-- [et_pb_line_break_holder] -->          <\/p>\n<div class=\"target\"><!-- [et_pb_line_break_holder] -->            <\/p>\n<div class=\"head-target\"><!-- [et_pb_line_break_holder] -->              <img decoding=\"async\" src=\"http:\/\/translatium.com\/wp-content\/uploads\/2022\/03\/dunkin-portada.jpg\"<!-- [et_pb_line_break_holder] --> alt=&#8220;p1&#8243;<!-- [et_pb_line_break_holder] --> \/><!-- [et_pb_line_break_holder] -->            <\/div>\n<p><!-- [et_pb_line_break_holder] -->            <\/p>\n<div class=\"body-target\"><!-- [et_pb_line_break_holder] -->              <\/p>\n<h4>viel zu teilen<\/h4>\n<p><!-- [et_pb_line_break_holder] -->            <\/div>\n<p><!-- [et_pb_line_break_holder] -->          <\/div>\n<p><!-- [et_pb_line_break_holder] -->        <\/a><!-- [et_pb_line_break_holder] -->        <a href=\"http:\/\/translatium.com\/wp-content\/uploads\/2022\/04\/LV_casos-de-exito_DE.pdf\"><!-- [et_pb_line_break_holder] -->          <\/p>\n<div class=\"target\"><!-- [et_pb_line_break_holder] -->            <\/p>\n<div class=\"head-target\"><!-- [et_pb_line_break_holder] -->              <img decoding=\"async\" src=\"http:\/\/translatium.com\/wp-content\/uploads\/2022\/03\/louis-vuitton.png\"<!-- [et_pb_line_break_holder] --> alt=&#8220;p1&#8243;<!-- [et_pb_line_break_holder] --> \/><!-- [et_pb_line_break_holder] -->            <\/div>\n<p><!-- [et_pb_line_break_holder] -->            <\/p>\n<div class=\"body-target\"><!-- [et_pb_line_break_holder] -->              <\/p>\n<h4>Louis Vuitton<\/h4>\n<p><!-- [et_pb_line_break_holder] -->            <\/div>\n<p><!-- [et_pb_line_break_holder] -->          <\/div>\n<p><!-- [et_pb_line_break_holder] -->        <\/a><!-- [et_pb_line_break_holder] -->        <a href=\"http:\/\/translatium.com\/wp-content\/uploads\/2022\/04\/SHACK_casos-de-exito_DE.pdf\"><!-- [et_pb_line_break_holder] --><!-- [et_pb_line_break_holder] -->            <\/p>\n<div class=\"target\"><!-- [et_pb_line_break_holder] -->                <\/p>\n<div class=\"head-target\"><!-- [et_pb_line_break_holder] -->                    <img decoding=\"async\" src=\"http:\/\/translatium.com\/wp-content\/uploads\/2022\/03\/rubius.png\"<!-- [et_pb_line_break_holder] --> alt=&#8220;p1&#8243;<!-- [et_pb_line_break_holder] --> \/><!-- [et_pb_line_break_holder] -->                <\/div>\n<p><!-- [et_pb_line_break_holder] -->                <\/p>\n<div class=\"body-target\"><!-- [et_pb_line_break_holder] -->                    <\/p>\n<h4>Shackleton<\/h4>\n<p><!-- [et_pb_line_break_holder] -->                <\/div>\n<p><!-- [et_pb_line_break_holder] -->            <\/div>\n<p><!-- [et_pb_line_break_holder] -->        <\/a><!-- [et_pb_line_break_holder] -->        <\/div>\n<p>[\/et_pb_code][\/et_pb_column][\/et_pb_row][\/et_pb_section][et_pb_section fb_built=&#8220;1&#8243; _builder_version=&#8220;4.15&#8243; _module_preset=&#8220;default&#8220; background_color=&#8220;#2c6472&#8243; global_colors_info=&#8220;{}&#8220; global_module=&#8220;2584&#8243; theme_builder_area=&#8220;post_content&#8220;][et_pb_row column_structure=&#8220;1_4,1_4,1_4,1_4&#8243; use_custom_gutter=&#8220;on&#8220; gutter_width=&#8220;1&#8243; make_equal=&#8220;on&#8220; _builder_version=&#8220;4.15&#8243; _module_preset=&#8220;default&#8220; width=&#8220;100%&#8220; width_tablet=&#8220;100%&#8220; width_phone=&#8220;80%&#8220; width_last_edited=&#8220;on|phone&#8220; max_width=&#8220;95%&#8220; max_width_tablet=&#8220;95%&#8220; max_width_phone=&#8220;80%&#8220; max_width_last_edited=&#8220;on|phone&#8220; global_colors_info=&#8220;{}&#8220; theme_builder_area=&#8220;post_content&#8220;][et_pb_column type=&#8220;1_4&#8243; _builder_version=&#8220;4.15&#8243; _module_preset=&#8220;default&#8220; global_colors_info=&#8220;{}&#8220; theme_builder_area=&#8220;post_content&#8220;][et_pb_image src=&#8220;http:\/\/translatium.com\/wp-content\/uploads\/2022\/03\/logo-translatium-white.png&#8220; title_text=&#8220;Logo-Translatium-Wei\u00df&#8220; url=&#8220;http:\/\/translatium.com\/de&#8220; _builder_version=&#8220;4.15&#8243; _module_preset=&#8220;default&#8220; custom_margin=&#8220;||5px||false|false&#8220; global_colors_info=&#8220;{}&#8220; theme_builder_area=&#8220;post_content&#8220;][\/et_pb_image][et_pb_text _builder_version=&#8220;4.15.1&#8243; _module_preset=&#8220;default&#8220; text_font=&#8220;||on||||||&#8220; text_text_color=&#8220;#FFFFFF&#8220; text_orientation_tablet=&#8220;&#8220; text_orientation_phone=&#8220;center&#8220; text_orientation_last_edited=&#8220;on|phone&#8220; global_colors_info=&#8220;{}&#8220; theme_builder_area=&#8220;post_content&#8220;]<\/p>\n<p><em>Wir sind Ihre etwas andere Art von \u00dcbersetzungsagentur. Bei uns erhalten Sie umfassende und individuelle Beratung und schnelle und effiziente L\u00f6sungen auch f\u00fcr eilige Auftr\u00e4ge.<\/em><\/p>\n<p>[\/et_pb_text][et_pb_text _builder_version=&#8220;4.15&#8243; _module_preset=&#8220;default&#8220; text_text_color=&#8220;#FFFFFF&#8220; text_orientation=&#8220;center&#8220; max_width=&#8220;70%&#8220; module_alignment=&#8220;center&#8220; custom_margin=&#8220;20px|15px|0px||false|false&#8220; custom_padding=&#8220;10px|8px|10px|8px|true|true&#8220; text_orientation_tablet=&#8220;center&#8220; text_orientation_phone=&#8220;center&#8220; text_orientation_last_edited=&#8220;on|phone&#8220; module_alignment_tablet=&#8220;center&#8220; module_alignment_phone=&#8220;center&#8220; module_alignment_last_edited=&#8220;on|phone&#8220; border_color_right=&#8220;#FFFFFF&#8220; border_color_left=&#8220;#FFFFFF&#8220; global_colors_info=&#8220;{}&#8220; theme_builder_area=&#8220;post_content&#8220;]<\/p>\n<div class=\"fontaw-icons-footer\">\n<p><a href=\"https:\/\/wa.link\/geb2fp\" target=\"_blank\" rel=\"noopener\"><i class=\"fa-brands fa-whatsapp fa-2xl\"><\/i><\/a><\/p>\n<p><a href=\"https:\/\/www.instagram.com\/translatium\/?hl=es\" target=\"_blank\" rel=\"noopener\"><i class=\"fa-brands fa-instagram fa-2xl\"><\/i><\/a><\/p>\n<p><a href=\"https:\/\/www.linkedin.com\/company\/2984977\/admin\/\" target=\"_blank\" rel=\"noopener\"><i class=\"fa-brands fa-linkedin fa-2xl\"><\/i><\/a><\/p>\n<\/div>\n<p>[\/et_pb_text][\/et_pb_column][et_pb_column type=&#8220;1_4&#8243; _builder_version=&#8220;4.15&#8243; _module_preset=&#8220;default&#8220; custom_padding=&#8220;25px||||false|false&#8220; global_colors_info=&#8220;{}&#8220; theme_builder_area=&#8220;post_content&#8220;][et_pb_text _builder_version=&#8220;4.15&#8243; _module_preset=&#8220;default&#8220; text_font=&#8220;|700|||||||&#8220; text_text_color=&#8220;#FFFFFF&#8220; max_width=&#8220;40%&#8220; module_alignment=&#8220;center&#8220; custom_margin=&#8220;||20px||false|false&#8220; custom_padding=&#8220;|||10px|false|false&#8220; border_width_left=&#8220;2px&#8220; border_color_left=&#8220;#FFFFFF&#8220; global_colors_info=&#8220;{}&#8220; theme_builder_area=&#8220;post_content&#8220;]<\/p>\n<p>Speisekarte<\/p>\n<p>[\/et_pb_text][et_pb_text _builder_version=&#8220;4.15.1&#8243; _module_preset=&#8220;default&#8220; text_font=&#8220;|300|||||||&#8220; text_text_color=&#8220;#FFFFFF&#8220; text_line_height=&#8220;0.5em&#8220; max_width=&#8220;40%&#8220; module_alignment=&#8220;center&#8220; custom_padding=&#8220;|||10px|false|false&#8220; global_colors_info=&#8220;{}&#8220; theme_builder_area=&#8220;post_content&#8220;]<\/p>\n<p><a href=\"\/\">Anfang<\/a><\/p>\n<p><a href=\"http:\/\/translatium.com\/de\/uns\">Uns<\/a><\/p>\n<p><a href=\"\/de\/servicios\">Leistungsangebot<\/a><\/p>\n<p><a href=\"http:\/\/translatium.com\/de\/studio\">Studio<\/a><\/p>\n<p><a href=\"\/de\/portfolio\">Portfolio<\/a><\/p>\n<p><a href=\"http:\/\/translatium.com\/de\/kontakt\">Kontakt<\/a><\/p>\n<p>[\/et_pb_text][\/et_pb_column][et_pb_column type=&#8220;1_4&#8243; _builder_version=&#8220;4.15&#8243; _module_preset=&#8220;default&#8220; custom_padding=&#8220;25px||||false|false&#8220; global_colors_info=&#8220;{}&#8220; theme_builder_area=&#8220;post_content&#8220;][et_pb_text _builder_version=&#8220;4.15&#8243; _module_preset=&#8220;default&#8220; text_font=&#8220;|700|||||||&#8220; text_text_color=&#8220;#FFFFFF&#8220; max_width=&#8220;45%&#8220; module_alignment=&#8220;center&#8220; custom_margin=&#8220;||20px||false|false&#8220; custom_padding=&#8220;|||10px|false|false&#8220; border_width_left=&#8220;2px&#8220; border_color_left=&#8220;#FFFFFF&#8220; global_colors_info=&#8220;{}&#8220; theme_builder_area=&#8220;post_content&#8220;]<\/p>\n<p>Navigation<\/p>\n<p>[\/et_pb_text][et_pb_text _builder_version=&#8220;4.15&#8243; _module_preset=&#8220;default&#8220; text_font=&#8220;|300|||||||&#8220; text_text_color=&#8220;#FFFFFF&#8220; text_line_height=&#8220;0.5em&#8220; max_width=&#8220;40%&#8220; module_alignment=&#8220;center&#8220; custom_padding=&#8220;|||10px|false|false&#8220; global_colors_info=&#8220;{}&#8220; theme_builder_area=&#8220;post_content&#8220;]<\/p>\n<p><a href=\"#clientes\">Kunden<\/a><\/p>\n<p><a href=\"http:\/\/translatium.com\/de\/uns#equipo\">Ausr\u00fcstung<\/a><\/p>\n<p>[\/et_pb_text][\/et_pb_column][et_pb_column type=&#8220;1_4&#8243; _builder_version=&#8220;4.15&#8243; _module_preset=&#8220;default&#8220; custom_padding=&#8220;25px||||false|false&#8220; global_colors_info=&#8220;{}&#8220; theme_builder_area=&#8220;post_content&#8220;][et_pb_text _builder_version=&#8220;4.15&#8243; _module_preset=&#8220;default&#8220; text_font=&#8220;|300|||||||&#8220; text_text_color=&#8220;#FFFFFF&#8220; text_line_height=&#8220;1em&#8220; module_alignment=&#8220;center&#8220; custom_margin=&#8220;28px|||||&#8220; custom_padding=&#8220;|||10px|false|false&#8220; global_colors_info=&#8220;{}&#8220; theme_builder_area=&#8220;post_content&#8220;]<\/p>\n<p style=\"text-align: center;\">M\u00d6CHTEN SIE MIT UNS ARBEITEN?<\/p>\n<p style=\"text-align: center;\"><a href=\"mailto:freelance@translatium.com\" target=\"_blank\" rel=\"noopener\">Senden Sie uns Ihren Lebenslauf<\/a><\/p>\n<p style=\"text-align: center;\">MACHEN SIE IHR PRAKTIKUM BEI TRANSLATIUM<\/p>\n<p style=\"text-align: center;\"><a href=\"mailto:talent@translatium.com\" target=\"_blank\" rel=\"noopener\">Kontakt<\/a><\/p>\n<p>[\/et_pb_text][\/et_pb_column][\/et_pb_row][\/et_pb_section]<\/p>\n","protected":false},"excerpt":{"rendered":"<p>DES ERFOLGSWir sind Ihre etwas andere Art von \u00dcbersetzungsagentur. Bei uns erhalten Sie umfassende und individuelle Beratung und schnelle und effiziente L\u00f6sungen auch f\u00fcr eilige Auftr\u00e4ge. SpeisekarteAnfang Uns Leistungsangebot Studio Portfolio KontaktNavigationKunden Ausr\u00fcstungM\u00d6CHTEN SIE MIT UNS ARBEITEN? Senden Sie uns Ihren Lebenslauf MACHEN SIE IHR PRAKTIKUM BEI TRANSLATIUM Kontakt<\/p>\n","protected":false},"author":1,"featured_media":0,"parent":0,"menu_order":0,"comment_status":"closed","ping_status":"closed","template":"","meta":{"_et_pb_use_builder":"on","_et_pb_old_content":"","_et_gb_content_width":"","footnotes":""},"class_list":["post-1804","page","type-page","status-publish","hentry"],"yoast_head":"<!-- This site is optimized with the Yoast SEO plugin v27.3 - https:\/\/yoast.com\/product\/yoast-seo-wordpress\/ -->\n<title>Portfolio - Translatium<\/title>\n<meta name=\"robots\" content=\"index, follow, max-snippet:-1, max-image-preview:large, max-video-preview:-1\" \/>\n<link rel=\"canonical\" href=\"https:\/\/translatium.com\/de\/portfolio\" \/>\n<meta property=\"og:locale\" content=\"de_DE\" \/>\n<meta property=\"og:type\" content=\"article\" \/>\n<meta property=\"og:title\" content=\"Portfolio - Translatium\" \/>\n<meta property=\"og:description\" content=\"DES ERFOLGSWir sind Ihre etwas andere Art von \u00dcbersetzungsagentur. Bei uns erhalten Sie umfassende und individuelle Beratung und schnelle und effiziente L\u00f6sungen auch f\u00fcr eilige Auftr\u00e4ge. SpeisekarteAnfang Uns Leistungsangebot Studio Portfolio KontaktNavigationKunden Ausr\u00fcstungM\u00d6CHTEN SIE MIT UNS ARBEITEN? Senden Sie uns Ihren Lebenslauf MACHEN SIE IHR PRAKTIKUM BEI TRANSLATIUM Kontakt\" \/>\n<meta property=\"og:url\" content=\"https:\/\/translatium.com\/de\/portfolio\" \/>\n<meta property=\"og:site_name\" content=\"Translatium\" \/>\n<meta property=\"article:publisher\" content=\"https:\/\/www.facebook.com\/Translatium\" \/>\n<meta property=\"article:modified_time\" content=\"2022-04-11T19:10:14+00:00\" \/>\n<meta property=\"og:image\" content=\"http:\/\/translatium.com\/wp-content\/uploads\/2022\/03\/redyrides.png.jpg\" \/>\n<meta name=\"twitter:card\" content=\"summary_large_image\" \/>\n<meta name=\"twitter:site\" content=\"@translatium\" \/>\n<meta name=\"twitter:label1\" content=\"Gesch\u00e4tzte Lesezeit\" \/>\n\t<meta name=\"twitter:data1\" content=\"5\u00a0Minuten\" \/>\n<script type=\"application\/ld+json\" class=\"yoast-schema-graph\">{\"@context\":\"https:\\\/\\\/schema.org\",\"@graph\":[{\"@type\":\"WebPage\",\"@id\":\"https:\\\/\\\/translatium.com\\\/de\\\/portfolio\",\"url\":\"https:\\\/\\\/translatium.com\\\/de\\\/portfolio\",\"name\":\"Portfolio - Translatium\",\"isPartOf\":{\"@id\":\"https:\\\/\\\/translatium.com\\\/de#website\"},\"primaryImageOfPage\":{\"@id\":\"https:\\\/\\\/translatium.com\\\/de\\\/portfolio#primaryimage\"},\"image\":{\"@id\":\"https:\\\/\\\/translatium.com\\\/de\\\/portfolio#primaryimage\"},\"thumbnailUrl\":\"http:\\\/\\\/translatium.com\\\/wp-content\\\/uploads\\\/2022\\\/03\\\/redyrides.png.jpg\",\"datePublished\":\"2022-03-17T13:35:38+00:00\",\"dateModified\":\"2022-04-11T19:10:14+00:00\",\"breadcrumb\":{\"@id\":\"https:\\\/\\\/translatium.com\\\/de\\\/portfolio#breadcrumb\"},\"inLanguage\":\"de\",\"potentialAction\":[{\"@type\":\"ReadAction\",\"target\":[\"https:\\\/\\\/translatium.com\\\/de\\\/portfolio\"]}]},{\"@type\":\"ImageObject\",\"inLanguage\":\"de\",\"@id\":\"https:\\\/\\\/translatium.com\\\/de\\\/portfolio#primaryimage\",\"url\":\"http:\\\/\\\/translatium.com\\\/wp-content\\\/uploads\\\/2022\\\/03\\\/redyrides.png.jpg\",\"contentUrl\":\"http:\\\/\\\/translatium.com\\\/wp-content\\\/uploads\\\/2022\\\/03\\\/redyrides.png.jpg\"},{\"@type\":\"BreadcrumbList\",\"@id\":\"https:\\\/\\\/translatium.com\\\/de\\\/portfolio#breadcrumb\",\"itemListElement\":[{\"@type\":\"ListItem\",\"position\":1,\"name\":\"Inicio\",\"item\":\"https:\\\/\\\/translatium.com\\\/de\\\/anfang\"},{\"@type\":\"ListItem\",\"position\":2,\"name\":\"Portfolio\"}]},{\"@type\":\"WebSite\",\"@id\":\"https:\\\/\\\/translatium.com\\\/de#website\",\"url\":\"https:\\\/\\\/translatium.com\\\/de\",\"name\":\"Translatium\",\"description\":\"\",\"publisher\":{\"@id\":\"https:\\\/\\\/translatium.com\\\/de#organization\"},\"potentialAction\":[{\"@type\":\"SearchAction\",\"target\":{\"@type\":\"EntryPoint\",\"urlTemplate\":\"https:\\\/\\\/translatium.com\\\/de?s={search_term_string}\"},\"query-input\":{\"@type\":\"PropertyValueSpecification\",\"valueRequired\":true,\"valueName\":\"search_term_string\"}}],\"inLanguage\":\"de\"},{\"@type\":\"Organization\",\"@id\":\"https:\\\/\\\/translatium.com\\\/de#organization\",\"name\":\"Translatium\",\"url\":\"https:\\\/\\\/translatium.com\\\/de\",\"logo\":{\"@type\":\"ImageObject\",\"inLanguage\":\"de\",\"@id\":\"https:\\\/\\\/translatium.com\\\/de#\\\/schema\\\/logo\\\/image\\\/\",\"url\":\"https:\\\/\\\/translatium.com\\\/wp-content\\\/uploads\\\/2022\\\/11\\\/Isotipo_DIGITAL.jpg\",\"contentUrl\":\"https:\\\/\\\/translatium.com\\\/wp-content\\\/uploads\\\/2022\\\/11\\\/Isotipo_DIGITAL.jpg\",\"width\":626,\"height\":626,\"caption\":\"Translatium\"},\"image\":{\"@id\":\"https:\\\/\\\/translatium.com\\\/de#\\\/schema\\\/logo\\\/image\\\/\"},\"sameAs\":[\"https:\\\/\\\/www.facebook.com\\\/Translatium\",\"https:\\\/\\\/x.com\\\/translatium\",\"https:\\\/\\\/www.instagram.com\\\/translatium\\\/\",\"https:\\\/\\\/www.linkedin.com\\\/company\\\/translatium-multilingual-services-sl\"]}]}<\/script>\n<!-- \/ Yoast SEO plugin. -->","yoast_head_json":{"title":"Portfolio - Translatium","robots":{"index":"index","follow":"follow","max-snippet":"max-snippet:-1","max-image-preview":"max-image-preview:large","max-video-preview":"max-video-preview:-1"},"canonical":"https:\/\/translatium.com\/de\/portfolio","og_locale":"de_DE","og_type":"article","og_title":"Portfolio - Translatium","og_description":"DES ERFOLGSWir sind Ihre etwas andere Art von \u00dcbersetzungsagentur. Bei uns erhalten Sie umfassende und individuelle Beratung und schnelle und effiziente L\u00f6sungen auch f\u00fcr eilige Auftr\u00e4ge. SpeisekarteAnfang Uns Leistungsangebot Studio Portfolio KontaktNavigationKunden Ausr\u00fcstungM\u00d6CHTEN SIE MIT UNS ARBEITEN? Senden Sie uns Ihren Lebenslauf MACHEN SIE IHR PRAKTIKUM BEI TRANSLATIUM Kontakt","og_url":"https:\/\/translatium.com\/de\/portfolio","og_site_name":"Translatium","article_publisher":"https:\/\/www.facebook.com\/Translatium","article_modified_time":"2022-04-11T19:10:14+00:00","og_image":[{"url":"http:\/\/translatium.com\/wp-content\/uploads\/2022\/03\/redyrides.png.jpg","type":"","width":"","height":""}],"twitter_card":"summary_large_image","twitter_site":"@translatium","twitter_misc":{"Gesch\u00e4tzte Lesezeit":"5\u00a0Minuten"},"schema":{"@context":"https:\/\/schema.org","@graph":[{"@type":"WebPage","@id":"https:\/\/translatium.com\/de\/portfolio","url":"https:\/\/translatium.com\/de\/portfolio","name":"Portfolio - Translatium","isPartOf":{"@id":"https:\/\/translatium.com\/de#website"},"primaryImageOfPage":{"@id":"https:\/\/translatium.com\/de\/portfolio#primaryimage"},"image":{"@id":"https:\/\/translatium.com\/de\/portfolio#primaryimage"},"thumbnailUrl":"http:\/\/translatium.com\/wp-content\/uploads\/2022\/03\/redyrides.png.jpg","datePublished":"2022-03-17T13:35:38+00:00","dateModified":"2022-04-11T19:10:14+00:00","breadcrumb":{"@id":"https:\/\/translatium.com\/de\/portfolio#breadcrumb"},"inLanguage":"de","potentialAction":[{"@type":"ReadAction","target":["https:\/\/translatium.com\/de\/portfolio"]}]},{"@type":"ImageObject","inLanguage":"de","@id":"https:\/\/translatium.com\/de\/portfolio#primaryimage","url":"http:\/\/translatium.com\/wp-content\/uploads\/2022\/03\/redyrides.png.jpg","contentUrl":"http:\/\/translatium.com\/wp-content\/uploads\/2022\/03\/redyrides.png.jpg"},{"@type":"BreadcrumbList","@id":"https:\/\/translatium.com\/de\/portfolio#breadcrumb","itemListElement":[{"@type":"ListItem","position":1,"name":"Inicio","item":"https:\/\/translatium.com\/de\/anfang"},{"@type":"ListItem","position":2,"name":"Portfolio"}]},{"@type":"WebSite","@id":"https:\/\/translatium.com\/de#website","url":"https:\/\/translatium.com\/de","name":"Translatium","description":"","publisher":{"@id":"https:\/\/translatium.com\/de#organization"},"potentialAction":[{"@type":"SearchAction","target":{"@type":"EntryPoint","urlTemplate":"https:\/\/translatium.com\/de?s={search_term_string}"},"query-input":{"@type":"PropertyValueSpecification","valueRequired":true,"valueName":"search_term_string"}}],"inLanguage":"de"},{"@type":"Organization","@id":"https:\/\/translatium.com\/de#organization","name":"Translatium","url":"https:\/\/translatium.com\/de","logo":{"@type":"ImageObject","inLanguage":"de","@id":"https:\/\/translatium.com\/de#\/schema\/logo\/image\/","url":"https:\/\/translatium.com\/wp-content\/uploads\/2022\/11\/Isotipo_DIGITAL.jpg","contentUrl":"https:\/\/translatium.com\/wp-content\/uploads\/2022\/11\/Isotipo_DIGITAL.jpg","width":626,"height":626,"caption":"Translatium"},"image":{"@id":"https:\/\/translatium.com\/de#\/schema\/logo\/image\/"},"sameAs":["https:\/\/www.facebook.com\/Translatium","https:\/\/x.com\/translatium","https:\/\/www.instagram.com\/translatium\/","https:\/\/www.linkedin.com\/company\/translatium-multilingual-services-sl"]}]}},"jetpack_sharing_enabled":true,"_links":{"self":[{"href":"https:\/\/translatium.com\/de\/wp-json\/wp\/v2\/pages\/1804","targetHints":{"allow":["GET"]}}],"collection":[{"href":"https:\/\/translatium.com\/de\/wp-json\/wp\/v2\/pages"}],"about":[{"href":"https:\/\/translatium.com\/de\/wp-json\/wp\/v2\/types\/page"}],"author":[{"embeddable":true,"href":"https:\/\/translatium.com\/de\/wp-json\/wp\/v2\/users\/1"}],"replies":[{"embeddable":true,"href":"https:\/\/translatium.com\/de\/wp-json\/wp\/v2\/comments?post=1804"}],"version-history":[{"count":7,"href":"https:\/\/translatium.com\/de\/wp-json\/wp\/v2\/pages\/1804\/revisions"}],"predecessor-version":[{"id":2883,"href":"https:\/\/translatium.com\/de\/wp-json\/wp\/v2\/pages\/1804\/revisions\/2883"}],"wp:attachment":[{"href":"https:\/\/translatium.com\/de\/wp-json\/wp\/v2\/media?parent=1804"}],"curies":[{"name":"wp","href":"https:\/\/api.w.org\/{rel}","templated":true}]}}