{"id":1868,"date":"2022-03-17T13:35:38","date_gmt":"2022-03-17T13:35:38","guid":{"rendered":"http:\/\/translatium.com\/portefeuille"},"modified":"2022-04-26T11:38:22","modified_gmt":"2022-04-26T11:38:22","slug":"portefeuille","status":"publish","type":"page","link":"https:\/\/translatium.com\/fr\/portefeuille","title":{"rendered":"Portefeuille"},"content":{"rendered":"<p>[et_pb_section fb_built=\u00a0\u00bb1&Prime; fullwidth=\u00a0\u00bbon\u00a0\u00bb _builder_version=\u00a0\u00bb4.15&Prime; _module_preset=\u00a0\u00bbdefault\u00a0\u00bb global_colors_info=\u00a0\u00bb{}\u00a0\u00bb][et_pb_fullwidth_slider _builder_version=\u00a0\u00bb4.14.8&Prime; _module_preset=\u00a0\u00bbdefault\u00a0\u00bb header_text_align=\u00a0\u00bbleft\u00a0\u00bb body_font_size=\u00a0\u00bb50px\u00a0\u00bb use_background_color_gradient=\u00a0\u00bbon\u00a0\u00bb background_color_gradient_start=\u00a0\u00bbrgba(0,0,0,0.3)\u00a0\u00bb background_color_gradient_end=\u00a0\u00bbrgba(0,0,0,0.3)\u00a0\u00bb background_color_gradient_overlays_image=\u00a0\u00bbon\u00a0\u00bb text_orientation=\u00a0\u00bbleft\u00a0\u00bb module_alignment=\u00a0\u00bbcenter\u00a0\u00bb content_width=\u00a0\u00bb60%\u00a0\u00bb content_width_tablet=\u00a0\u00bb70%\u00a0\u00bb content_width_phone=\u00a0\u00bb100%\u00a0\u00bb content_width_last_edited=\u00a0\u00bbon|tablet\u00a0\u00bb custom_padding=\u00a0\u00bb20px||20px||true|false\u00a0\u00bb body_font_size_tablet=\u00a0\u00bb50px\u00a0\u00bb body_font_size_phone=\u00a0\u00bb30px\u00a0\u00bb body_font_size_last_edited=\u00a0\u00bbon|desktop\u00a0\u00bb custom_css_slide_description=\u00a0\u00bbborder-left: 4px solid #2c6472;||padding-left: 20px;||margin-left: 35%;\u00a0\u00bb global_colors_info=\u00a0\u00bb{}\u00a0\u00bb custom_css_slide_description__hover_enabled=\u00a0\u00bboff|desktop\u00a0\u00bb custom_css_slide_description_last_edited=\u00a0\u00bbon|phone\u00a0\u00bb custom_css_slide_description_phone=\u00a0\u00bb||border-left: 4px solid #2c6472;||padding-left: 20px;||margin-left: 70px;\u00a0\u00bb custom_css_slide_description_tablet=\u00a0\u00bbborder-left: 4px solid #2c6472;||padding-left: 20px;||margin-left: 100px\u00a0\u00bb][et_pb_slide heading=\u00a0\u00bbCAS \u00a0\u00bb _builder_version=\u00a0\u00bb4.15&Prime; _module_preset=\u00a0\u00bbdefault\u00a0\u00bb background_enable_color=\u00a0\u00bboff\u00a0\u00bb background_image=\u00a0\u00bbhttp:\/\/translatium.com\/wp-content\/uploads\/2022\/03\/pag-portfolio.jpg\u00a0\u00bb background_enable_image=\u00a0\u00bbon\u00a0\u00bb custom_css_main_element=\u00a0\u00bbdisplay: flex !important;||flex-direction:row !important;||align-items:center !important;||height: 580px !important;\u00a0\u00bb global_colors_info=\u00a0\u00bb{}\u00a0\u00bb sticky_transition=\u00a0\u00bbon\u00a0\u00bb]<\/p>\n<p>DE SUCC\u00c8S<\/p>\n<p>[\/et_pb_slide][\/et_pb_fullwidth_slider][\/et_pb_section][et_pb_section fb_built=\u00a0\u00bb1&Prime; _builder_version=\u00a0\u00bb4.15&Prime; _module_preset=\u00a0\u00bbdefault\u00a0\u00bb global_colors_info=\u00a0\u00bb{}\u00a0\u00bb][et_pb_row _builder_version=\u00a0\u00bb4.15&Prime; _module_preset=\u00a0\u00bbdefault\u00a0\u00bb width=\u00a0\u00bb90%\u00a0\u00bb width_tablet=\u00a0\u00bb\u00a0\u00bb width_phone=\u00a0\u00bb\u00a0\u00bb width_last_edited=\u00a0\u00bbon|phone\u00a0\u00bb max_width=\u00a0\u00bb90%\u00a0\u00bb global_colors_info=\u00a0\u00bb{}\u00a0\u00bb][et_pb_column type=\u00a0\u00bb4_4&Prime; _builder_version=\u00a0\u00bb4.15&Prime; _module_preset=\u00a0\u00bbdefault\u00a0\u00bb global_colors_info=\u00a0\u00bb{}\u00a0\u00bb][et_pb_code _builder_version=\u00a0\u00bb4.15.1&Prime; _module_preset=\u00a0\u00bbdefault\u00a0\u00bb hover_enabled=\u00a0\u00bb0&Prime; global_colors_info=\u00a0\u00bb{}\u00a0\u00bb sticky_enabled=\u00a0\u00bb0&Prime;]<\/p>\n<div class=\"row\"><!-- [et_pb_line_break_holder] -->        <a href=\"http:\/\/translatium.com\/wp-content\/uploads\/2022\/04\/REBY_casos-de-exito_SP.pdf\"><!-- [et_pb_line_break_holder] -->          <\/p>\n<div class=\"target\"><!-- [et_pb_line_break_holder] -->            <\/p>\n<div class=\"head-target\"><!-- [et_pb_line_break_holder] -->              <img<!-- [et_pb_line_break_holder] -->                src=\u00a0\u00bbhttp:\/\/translatium.com\/wp-content\/uploads\/2022\/03\/redyrides.png.jpg\u00a0\u00bb<!-- [et_pb_line_break_holder] -->                alt=\u00a0\u00bbp1&Prime;<!-- [et_pb_line_break_holder] -->              \/><!-- [et_pb_line_break_holder] -->            <\/div>\n<p><!-- [et_pb_line_break_holder] -->            <\/p>\n<div class=\"body-target\"><!-- [et_pb_line_break_holder] -->              <\/p>\n<h4>Reby Rides SL<\/h4>\n<p><!-- [et_pb_line_break_holder] -->            <\/div>\n<p><!-- [et_pb_line_break_holder] -->          <\/div>\n<p><!-- [et_pb_line_break_holder] -->        <\/a><!-- [et_pb_line_break_holder] -->        <a href=\"http:\/\/translatium.com\/wp-content\/uploads\/2022\/04\/DUNKIN_CASO-EXITO_SP.pdf\"><!-- [et_pb_line_break_holder] -->          <\/p>\n<div class=\"target\"><!-- [et_pb_line_break_holder] -->            <\/p>\n<div class=\"head-target\"><!-- [et_pb_line_break_holder] -->              <img<!-- [et_pb_line_break_holder] -->                src=\u00a0\u00bbhttp:\/\/translatium.com\/wp-content\/uploads\/2022\/03\/dunkin-portada.jpg\u00a0\u00bb<!-- [et_pb_line_break_holder] -->                alt=\u00a0\u00bbp1&Prime;<!-- [et_pb_line_break_holder] -->              \/><!-- [et_pb_line_break_holder] -->            <\/div>\n<p><!-- [et_pb_line_break_holder] -->            <\/p>\n<div class=\"body-target\"><!-- [et_pb_line_break_holder] -->              <\/p>\n<h4>Beaucoup \u00e0 partager<\/h4>\n<p><!-- [et_pb_line_break_holder] -->            <\/div>\n<p><!-- [et_pb_line_break_holder] -->          <\/div>\n<p><!-- [et_pb_line_break_holder] -->        <\/a><!-- [et_pb_line_break_holder] -->        <a href=\"http:\/\/translatium.com\/wp-content\/uploads\/2022\/04\/LV_casos-de-exito_SP.pdf\"><!-- [et_pb_line_break_holder] -->          <\/p>\n<div class=\"target\"><!-- [et_pb_line_break_holder] -->            <\/p>\n<div class=\"head-target\"><!-- [et_pb_line_break_holder] -->              <img<!-- [et_pb_line_break_holder] -->                src=\u00a0\u00bbhttp:\/\/translatium.com\/wp-content\/uploads\/2022\/03\/louis-vuitton.png\u00a0\u00bb<!-- [et_pb_line_break_holder] -->                alt=\u00a0\u00bbp1&Prime;<!-- [et_pb_line_break_holder] -->              \/><!-- [et_pb_line_break_holder] -->            <\/div>\n<p><!-- [et_pb_line_break_holder] -->            <\/p>\n<div class=\"body-target\"><!-- [et_pb_line_break_holder] -->              <\/p>\n<h4>Louis-Vuitton<\/h4>\n<p><!-- [et_pb_line_break_holder] -->            <\/div>\n<p><!-- [et_pb_line_break_holder] -->          <\/div>\n<p><!-- [et_pb_line_break_holder] -->        <\/a><!-- [et_pb_line_break_holder] -->        <a href=\"http:\/\/translatium.com\/wp-content\/uploads\/2022\/04\/SHACK_casos-de-exito_SP.pdf\"><!-- [et_pb_line_break_holder] --><!-- [et_pb_line_break_holder] -->            <\/p>\n<div class=\"target\"><!-- [et_pb_line_break_holder] -->                <\/p>\n<div class=\"head-target\"><!-- [et_pb_line_break_holder] -->                    <img<!-- [et_pb_line_break_holder] -->                    src=\u00a0\u00bbhttp:\/\/translatium.com\/wp-content\/uploads\/2022\/03\/rubius.png\u00a0\u00bb<!-- [et_pb_line_break_holder] -->                    alt=\u00a0\u00bbp1&Prime;<!-- [et_pb_line_break_holder] -->                    \/><!-- [et_pb_line_break_holder] -->                <\/div>\n<p><!-- [et_pb_line_break_holder] -->                <\/p>\n<div class=\"body-target\"><!-- [et_pb_line_break_holder] -->                    <\/p>\n<h4>Shackleton<\/h4>\n<p><!-- [et_pb_line_break_holder] -->                <\/div>\n<p><!-- [et_pb_line_break_holder] -->            <\/div>\n<p><!-- [et_pb_line_break_holder] -->        <\/a><!-- [et_pb_line_break_holder] -->        <\/div>\n<p>[\/et_pb_code][\/et_pb_column][\/et_pb_row][\/et_pb_section][et_pb_section fb_built=\u00a0\u00bb1&Prime; _builder_version=\u00a0\u00bb4.15.1&Prime; _module_preset=\u00a0\u00bbdefault\u00a0\u00bb background_color=\u00a0\u00bb#2c6472&Prime; global_module=\u00a0\u00bb3292&Prime; global_colors_info=\u00a0\u00bb{}\u00a0\u00bb][et_pb_row column_structure=\u00a0\u00bb1_4,1_4,1_4,1_4&Prime; use_custom_gutter=\u00a0\u00bbon\u00a0\u00bb gutter_width=\u00a0\u00bb1&Prime; make_equal=\u00a0\u00bbon\u00a0\u00bb _builder_version=\u00a0\u00bb4.15&Prime; _module_preset=\u00a0\u00bbdefault\u00a0\u00bb width=\u00a0\u00bb100%\u00a0\u00bb width_tablet=\u00a0\u00bb100%\u00a0\u00bb width_phone=\u00a0\u00bb80%\u00a0\u00bb width_last_edited=\u00a0\u00bbon|phone\u00a0\u00bb max_width=\u00a0\u00bb95%\u00a0\u00bb max_width_tablet=\u00a0\u00bb95%\u00a0\u00bb max_width_phone=\u00a0\u00bb80%\u00a0\u00bb max_width_last_edited=\u00a0\u00bbon|phone\u00a0\u00bb global_colors_info=\u00a0\u00bb{}\u00a0\u00bb][et_pb_column type=\u00a0\u00bb1_4&Prime; _builder_version=\u00a0\u00bb4.15&Prime; _module_preset=\u00a0\u00bbdefault\u00a0\u00bb global_colors_info=\u00a0\u00bb{}\u00a0\u00bb][et_pb_image src=\u00a0\u00bbhttp:\/\/translatium.com\/wp-content\/uploads\/2022\/04\/FR-DIGITAL.png\u00a0\u00bb title_text=\u00a0\u00bbFR&#8212;DIGITAL\u00a0\u00bb url=\u00a0\u00bbhttp:\/\/translatium.com\/fr\u00a0\u00bb _builder_version=\u00a0\u00bb4.15.1&Prime; _module_preset=\u00a0\u00bbdefault\u00a0\u00bb custom_margin=\u00a0\u00bb||5px||false|false\u00a0\u00bb global_colors_info=\u00a0\u00bb{}\u00a0\u00bb][\/et_pb_image][et_pb_text _builder_version=\u00a0\u00bb4.15.1&Prime; _module_preset=\u00a0\u00bbdefault\u00a0\u00bb text_font=\u00a0\u00bb||on||||||\u00a0\u00bb text_text_color=\u00a0\u00bb#FFFFFF\u00a0\u00bb text_orientation_tablet=\u00a0\u00bb\u00a0\u00bb text_orientation_phone=\u00a0\u00bbcenter\u00a0\u00bb text_orientation_last_edited=\u00a0\u00bbon|phone\u00a0\u00bb global_colors_info=\u00a0\u00bb{}\u00a0\u00bb]<\/p>\n<p>Nous sommes une agence de traduction diff\u00e9rente. Un bon service, des solutions rapides et efficaces quand le d\u00e9lai l\u2019exige, et un service personnalis\u00e9 font de nous un partenaire.<\/p>\n<p>[\/et_pb_text][et_pb_text _builder_version=\u00a0\u00bb4.15&Prime; _module_preset=\u00a0\u00bbdefault\u00a0\u00bb text_text_color=\u00a0\u00bb#FFFFFF\u00a0\u00bb text_orientation=\u00a0\u00bbcenter\u00a0\u00bb max_width=\u00a0\u00bb70%\u00a0\u00bb module_alignment=\u00a0\u00bbcenter\u00a0\u00bb custom_margin=\u00a0\u00bb20px|15px|0px||false|false\u00a0\u00bb custom_padding=\u00a0\u00bb10px|8px|10px|8px|true|true\u00a0\u00bb text_orientation_tablet=\u00a0\u00bbcenter\u00a0\u00bb text_orientation_phone=\u00a0\u00bbcenter\u00a0\u00bb text_orientation_last_edited=\u00a0\u00bbon|phone\u00a0\u00bb module_alignment_tablet=\u00a0\u00bbcenter\u00a0\u00bb module_alignment_phone=\u00a0\u00bbcenter\u00a0\u00bb module_alignment_last_edited=\u00a0\u00bbon|phone\u00a0\u00bb border_color_right=\u00a0\u00bb#FFFFFF\u00a0\u00bb border_color_left=\u00a0\u00bb#FFFFFF\u00a0\u00bb global_colors_info=\u00a0\u00bb{}\u00a0\u00bb]<\/p>\n<div class=\"fontaw-icons-footer\">\n<p><a href=\"https:\/\/wa.link\/geb2fp\" target=\"_blank\" rel=\"noopener\"><i class=\"fa-brands fa-whatsapp fa-2xl\"><\/i><\/a><\/p>\n<p><a href=\"https:\/\/www.instagram.com\/translatium\/?hl=es\" target=\"_blank\" rel=\"noopener\"><i class=\"fa-brands fa-instagram fa-2xl\"><\/i><\/a><\/p>\n<p><a href=\"https:\/\/www.linkedin.com\/company\/2984977\/admin\/\" target=\"_blank\" rel=\"noopener\"><i class=\"fa-brands fa-linkedin fa-2xl\"><\/i><\/a><\/p>\n<\/div>\n<p>[\/et_pb_text][\/et_pb_column][et_pb_column type=\u00a0\u00bb1_4&Prime; _builder_version=\u00a0\u00bb4.15&Prime; _module_preset=\u00a0\u00bbdefault\u00a0\u00bb custom_padding=\u00a0\u00bb25px||||false|false\u00a0\u00bb global_colors_info=\u00a0\u00bb{}\u00a0\u00bb][et_pb_text _builder_version=\u00a0\u00bb4.15&Prime; _module_preset=\u00a0\u00bbdefault\u00a0\u00bb text_font=\u00a0\u00bb|700|||||||\u00a0\u00bb text_text_color=\u00a0\u00bb#FFFFFF\u00a0\u00bb max_width=\u00a0\u00bb40%\u00a0\u00bb module_alignment=\u00a0\u00bbcenter\u00a0\u00bb custom_margin=\u00a0\u00bb||20px||false|false\u00a0\u00bb custom_padding=\u00a0\u00bb|||10px|false|false\u00a0\u00bb border_width_left=\u00a0\u00bb2px\u00a0\u00bb border_color_left=\u00a0\u00bb#FFFFFF\u00a0\u00bb global_colors_info=\u00a0\u00bb{}\u00a0\u00bb]<\/p>\n<p>Menu<\/p>\n<p>[\/et_pb_text][et_pb_text _builder_version=\u00a0\u00bb4.15.1&Prime; _module_preset=\u00a0\u00bbdefault\u00a0\u00bb text_font=\u00a0\u00bb|300|||||||\u00a0\u00bb text_text_color=\u00a0\u00bb#FFFFFF\u00a0\u00bb text_line_height=\u00a0\u00bb0.5em\u00a0\u00bb max_width=\u00a0\u00bb40%\u00a0\u00bb module_alignment=\u00a0\u00bbcenter\u00a0\u00bb custom_padding=\u00a0\u00bb|||10px|false|false\u00a0\u00bb global_colors_info=\u00a0\u00bb{}\u00a0\u00bb]<\/p>\n<p><a href=\"\/\">Accueils<\/a><\/p>\n<p><a href=\"\/fr\/qui-sommes-nous\">Qui sommes-nous<\/a><\/p>\n<p><a href=\"\/fr\/nous-services\">Nos services<\/a><\/p>\n<p><a href=\"\/fr\/studio\">Studio<\/a><\/p>\n<p><a href=\"\/fr\/portefeuille\">Portefeuille<\/a><\/p>\n<p><a href=\"\/fr\/nous-contacter\">Contact<\/a><\/p>\n<p>[\/et_pb_text][\/et_pb_column][et_pb_column type=\u00a0\u00bb1_4&Prime; _builder_version=\u00a0\u00bb4.15&Prime; _module_preset=\u00a0\u00bbdefault\u00a0\u00bb custom_padding=\u00a0\u00bb25px||||false|false\u00a0\u00bb global_colors_info=\u00a0\u00bb{}\u00a0\u00bb][et_pb_text _builder_version=\u00a0\u00bb4.15&Prime; _module_preset=\u00a0\u00bbdefault\u00a0\u00bb text_font=\u00a0\u00bb|700|||||||\u00a0\u00bb text_text_color=\u00a0\u00bb#FFFFFF\u00a0\u00bb max_width=\u00a0\u00bb45%\u00a0\u00bb module_alignment=\u00a0\u00bbcenter\u00a0\u00bb custom_margin=\u00a0\u00bb||20px||false|false\u00a0\u00bb custom_padding=\u00a0\u00bb|||10px|false|false\u00a0\u00bb border_width_left=\u00a0\u00bb2px\u00a0\u00bb border_color_left=\u00a0\u00bb#FFFFFF\u00a0\u00bb global_colors_info=\u00a0\u00bb{}\u00a0\u00bb]<\/p>\n<p>La navigation<\/p>\n<p>[\/et_pb_text][et_pb_text _builder_version=\u00a0\u00bb4.15&Prime; _module_preset=\u00a0\u00bbdefault\u00a0\u00bb text_font=\u00a0\u00bb|300|||||||\u00a0\u00bb text_text_color=\u00a0\u00bb#FFFFFF\u00a0\u00bb text_line_height=\u00a0\u00bb0.5em\u00a0\u00bb max_width=\u00a0\u00bb40%\u00a0\u00bb module_alignment=\u00a0\u00bbcenter\u00a0\u00bb custom_padding=\u00a0\u00bb|||10px|false|false\u00a0\u00bb global_colors_info=\u00a0\u00bb{}\u00a0\u00bb]<\/p>\n<p><a href=\"#clientes\">Les clients<\/a><\/p>\n<p><a href=\"http:\/\/translatium.com\/fr\/fr-nosotros#equipo\">\u00e9quipe<\/a><\/p>\n<p>[\/et_pb_text][\/et_pb_column][et_pb_column type=\u00a0\u00bb1_4&Prime; _builder_version=\u00a0\u00bb4.15&Prime; _module_preset=\u00a0\u00bbdefault\u00a0\u00bb custom_padding=\u00a0\u00bb25px||||false|false\u00a0\u00bb global_colors_info=\u00a0\u00bb{}\u00a0\u00bb][et_pb_text _builder_version=\u00a0\u00bb4.15.1&Prime; _module_preset=\u00a0\u00bbdefault\u00a0\u00bb text_font=\u00a0\u00bb|300|||||||\u00a0\u00bb text_text_color=\u00a0\u00bb#FFFFFF\u00a0\u00bb text_line_height=\u00a0\u00bb1em\u00a0\u00bb module_alignment=\u00a0\u00bbcenter\u00a0\u00bb custom_margin=\u00a0\u00bb28px|||||\u00a0\u00bb custom_padding=\u00a0\u00bb|||10px|false|false\u00a0\u00bb global_colors_info=\u00a0\u00bb{}\u00a0\u00bb]<\/p>\n<p style=\"text-align: center;\"><strong>VOULEZ-VOUS TRAVAILLER AVEC NOUS ?<\/strong><\/p>\n<p style=\"text-align: center;\"><a href=\"mailto:freelance@translatium.com\" target=\"_blank\" rel=\"noopener\">Envoyez-nous votre CV<\/a><\/p>\n<p style=\"text-align: center;\"><strong>FAIRE SON STAGE CHEZ TRANSLATIUM<\/strong><\/p>\n<p style=\"text-align: center;\"><a href=\"mailto:talent@translatium.com\" target=\"_blank\" rel=\"noopener\">Contact<\/a><\/p>\n<p>[\/et_pb_text][\/et_pb_column][\/et_pb_row][\/et_pb_section]<\/p>\n","protected":false},"excerpt":{"rendered":"<p>DE SUCC\u00c8SNous sommes une agence de traduction diff\u00e9rente. Un bon service, des solutions rapides et efficaces quand le d\u00e9lai l\u2019exige, et un service personnalis\u00e9 font de nous un partenaire. MenuAccueils Qui sommes-nous Nos services Studio Portefeuille ContactLa navigationLes clients \u00e9quipeVOULEZ-VOUS TRAVAILLER AVEC NOUS ? Envoyez-nous votre CV FAIRE SON STAGE CHEZ TRANSLATIUM Contact<\/p>\n","protected":false},"author":1,"featured_media":0,"parent":0,"menu_order":0,"comment_status":"closed","ping_status":"closed","template":"","meta":{"_et_pb_use_builder":"on","_et_pb_old_content":"","_et_gb_content_width":"","footnotes":""},"class_list":["post-1868","page","type-page","status-publish","hentry"],"yoast_head":"<!-- This site is optimized with the Yoast SEO plugin v27.3 - https:\/\/yoast.com\/product\/yoast-seo-wordpress\/ -->\n<title>Portefeuille - Translatium<\/title>\n<meta name=\"robots\" content=\"index, follow, max-snippet:-1, max-image-preview:large, max-video-preview:-1\" \/>\n<link rel=\"canonical\" href=\"https:\/\/translatium.com\/fr\/portefeuille\" \/>\n<meta property=\"og:locale\" content=\"fr_FR\" \/>\n<meta property=\"og:type\" content=\"article\" \/>\n<meta property=\"og:title\" content=\"Portefeuille - Translatium\" \/>\n<meta property=\"og:description\" content=\"DE SUCC\u00c8SNous sommes une agence de traduction diff\u00e9rente. Un bon service, des solutions rapides et efficaces quand le d\u00e9lai l\u2019exige, et un service personnalis\u00e9 font de nous un partenaire. MenuAccueils Qui sommes-nous Nos services Studio Portefeuille ContactLa navigationLes clients \u00e9quipeVOULEZ-VOUS TRAVAILLER AVEC NOUS ? Envoyez-nous votre CV FAIRE SON STAGE CHEZ TRANSLATIUM Contact\" \/>\n<meta property=\"og:url\" content=\"https:\/\/translatium.com\/fr\/portefeuille\" \/>\n<meta property=\"og:site_name\" content=\"Translatium\" \/>\n<meta property=\"article:publisher\" content=\"https:\/\/www.facebook.com\/Translatium\" \/>\n<meta property=\"article:modified_time\" content=\"2022-04-26T11:38:22+00:00\" \/>\n<meta name=\"twitter:card\" content=\"summary_large_image\" \/>\n<meta name=\"twitter:site\" content=\"@translatium\" \/>\n<meta name=\"twitter:label1\" content=\"Dur\u00e9e de lecture estim\u00e9e\" \/>\n\t<meta name=\"twitter:data1\" content=\"4 minutes\" \/>\n<script type=\"application\/ld+json\" class=\"yoast-schema-graph\">{\"@context\":\"https:\\\/\\\/schema.org\",\"@graph\":[{\"@type\":\"WebPage\",\"@id\":\"https:\\\/\\\/translatium.com\\\/fr\\\/portefeuille\",\"url\":\"https:\\\/\\\/translatium.com\\\/fr\\\/portefeuille\",\"name\":\"Portefeuille - Translatium\",\"isPartOf\":{\"@id\":\"https:\\\/\\\/translatium.com\\\/fr\\\/#website\"},\"datePublished\":\"2022-03-17T13:35:38+00:00\",\"dateModified\":\"2022-04-26T11:38:22+00:00\",\"breadcrumb\":{\"@id\":\"https:\\\/\\\/translatium.com\\\/fr\\\/portefeuille#breadcrumb\"},\"inLanguage\":\"fr-FR\",\"potentialAction\":[{\"@type\":\"ReadAction\",\"target\":[\"https:\\\/\\\/translatium.com\\\/fr\\\/portefeuille\"]}]},{\"@type\":\"BreadcrumbList\",\"@id\":\"https:\\\/\\\/translatium.com\\\/fr\\\/portefeuille#breadcrumb\",\"itemListElement\":[{\"@type\":\"ListItem\",\"position\":1,\"name\":\"Inicio\",\"item\":\"https:\\\/\\\/translatium.com\\\/fr\"},{\"@type\":\"ListItem\",\"position\":2,\"name\":\"Portefeuille\"}]},{\"@type\":\"WebSite\",\"@id\":\"https:\\\/\\\/translatium.com\\\/fr\\\/#website\",\"url\":\"https:\\\/\\\/translatium.com\\\/fr\\\/\",\"name\":\"Translatium\",\"description\":\"\",\"publisher\":{\"@id\":\"https:\\\/\\\/translatium.com\\\/fr\\\/#organization\"},\"potentialAction\":[{\"@type\":\"SearchAction\",\"target\":{\"@type\":\"EntryPoint\",\"urlTemplate\":\"https:\\\/\\\/translatium.com\\\/fr\\\/?s={search_term_string}\"},\"query-input\":{\"@type\":\"PropertyValueSpecification\",\"valueRequired\":true,\"valueName\":\"search_term_string\"}}],\"inLanguage\":\"fr-FR\"},{\"@type\":\"Organization\",\"@id\":\"https:\\\/\\\/translatium.com\\\/fr\\\/#organization\",\"name\":\"Translatium\",\"url\":\"https:\\\/\\\/translatium.com\\\/fr\\\/\",\"logo\":{\"@type\":\"ImageObject\",\"inLanguage\":\"fr-FR\",\"@id\":\"https:\\\/\\\/translatium.com\\\/fr\\\/#\\\/schema\\\/logo\\\/image\\\/\",\"url\":\"https:\\\/\\\/translatium.com\\\/wp-content\\\/uploads\\\/2022\\\/11\\\/Isotipo_DIGITAL.jpg\",\"contentUrl\":\"https:\\\/\\\/translatium.com\\\/wp-content\\\/uploads\\\/2022\\\/11\\\/Isotipo_DIGITAL.jpg\",\"width\":626,\"height\":626,\"caption\":\"Translatium\"},\"image\":{\"@id\":\"https:\\\/\\\/translatium.com\\\/fr\\\/#\\\/schema\\\/logo\\\/image\\\/\"},\"sameAs\":[\"https:\\\/\\\/www.facebook.com\\\/Translatium\",\"https:\\\/\\\/x.com\\\/translatium\",\"https:\\\/\\\/www.instagram.com\\\/translatium\\\/\",\"https:\\\/\\\/www.linkedin.com\\\/company\\\/translatium-multilingual-services-sl\"]}]}<\/script>\n<!-- \/ Yoast SEO plugin. -->","yoast_head_json":{"title":"Portefeuille - Translatium","robots":{"index":"index","follow":"follow","max-snippet":"max-snippet:-1","max-image-preview":"max-image-preview:large","max-video-preview":"max-video-preview:-1"},"canonical":"https:\/\/translatium.com\/fr\/portefeuille","og_locale":"fr_FR","og_type":"article","og_title":"Portefeuille - Translatium","og_description":"DE SUCC\u00c8SNous sommes une agence de traduction diff\u00e9rente. Un bon service, des solutions rapides et efficaces quand le d\u00e9lai l\u2019exige, et un service personnalis\u00e9 font de nous un partenaire. MenuAccueils Qui sommes-nous Nos services Studio Portefeuille ContactLa navigationLes clients \u00e9quipeVOULEZ-VOUS TRAVAILLER AVEC NOUS ? Envoyez-nous votre CV FAIRE SON STAGE CHEZ TRANSLATIUM Contact","og_url":"https:\/\/translatium.com\/fr\/portefeuille","og_site_name":"Translatium","article_publisher":"https:\/\/www.facebook.com\/Translatium","article_modified_time":"2022-04-26T11:38:22+00:00","twitter_card":"summary_large_image","twitter_site":"@translatium","twitter_misc":{"Dur\u00e9e de lecture estim\u00e9e":"4 minutes"},"schema":{"@context":"https:\/\/schema.org","@graph":[{"@type":"WebPage","@id":"https:\/\/translatium.com\/fr\/portefeuille","url":"https:\/\/translatium.com\/fr\/portefeuille","name":"Portefeuille - Translatium","isPartOf":{"@id":"https:\/\/translatium.com\/fr\/#website"},"datePublished":"2022-03-17T13:35:38+00:00","dateModified":"2022-04-26T11:38:22+00:00","breadcrumb":{"@id":"https:\/\/translatium.com\/fr\/portefeuille#breadcrumb"},"inLanguage":"fr-FR","potentialAction":[{"@type":"ReadAction","target":["https:\/\/translatium.com\/fr\/portefeuille"]}]},{"@type":"BreadcrumbList","@id":"https:\/\/translatium.com\/fr\/portefeuille#breadcrumb","itemListElement":[{"@type":"ListItem","position":1,"name":"Inicio","item":"https:\/\/translatium.com\/fr"},{"@type":"ListItem","position":2,"name":"Portefeuille"}]},{"@type":"WebSite","@id":"https:\/\/translatium.com\/fr\/#website","url":"https:\/\/translatium.com\/fr\/","name":"Translatium","description":"","publisher":{"@id":"https:\/\/translatium.com\/fr\/#organization"},"potentialAction":[{"@type":"SearchAction","target":{"@type":"EntryPoint","urlTemplate":"https:\/\/translatium.com\/fr\/?s={search_term_string}"},"query-input":{"@type":"PropertyValueSpecification","valueRequired":true,"valueName":"search_term_string"}}],"inLanguage":"fr-FR"},{"@type":"Organization","@id":"https:\/\/translatium.com\/fr\/#organization","name":"Translatium","url":"https:\/\/translatium.com\/fr\/","logo":{"@type":"ImageObject","inLanguage":"fr-FR","@id":"https:\/\/translatium.com\/fr\/#\/schema\/logo\/image\/","url":"https:\/\/translatium.com\/wp-content\/uploads\/2022\/11\/Isotipo_DIGITAL.jpg","contentUrl":"https:\/\/translatium.com\/wp-content\/uploads\/2022\/11\/Isotipo_DIGITAL.jpg","width":626,"height":626,"caption":"Translatium"},"image":{"@id":"https:\/\/translatium.com\/fr\/#\/schema\/logo\/image\/"},"sameAs":["https:\/\/www.facebook.com\/Translatium","https:\/\/x.com\/translatium","https:\/\/www.instagram.com\/translatium\/","https:\/\/www.linkedin.com\/company\/translatium-multilingual-services-sl"]}]}},"jetpack_sharing_enabled":true,"_links":{"self":[{"href":"https:\/\/translatium.com\/fr\/wp-json\/wp\/v2\/pages\/1868","targetHints":{"allow":["GET"]}}],"collection":[{"href":"https:\/\/translatium.com\/fr\/wp-json\/wp\/v2\/pages"}],"about":[{"href":"https:\/\/translatium.com\/fr\/wp-json\/wp\/v2\/types\/page"}],"author":[{"embeddable":true,"href":"https:\/\/translatium.com\/fr\/wp-json\/wp\/v2\/users\/1"}],"replies":[{"embeddable":true,"href":"https:\/\/translatium.com\/fr\/wp-json\/wp\/v2\/comments?post=1868"}],"version-history":[{"count":40,"href":"https:\/\/translatium.com\/fr\/wp-json\/wp\/v2\/pages\/1868\/revisions"}],"predecessor-version":[{"id":3332,"href":"https:\/\/translatium.com\/fr\/wp-json\/wp\/v2\/pages\/1868\/revisions\/3332"}],"wp:attachment":[{"href":"https:\/\/translatium.com\/fr\/wp-json\/wp\/v2\/media?parent=1868"}],"curies":[{"name":"wp","href":"https:\/\/api.w.org\/{rel}","templated":true}]}}