{"id":1750,"date":"2022-03-17T13:35:38","date_gmt":"2022-03-17T13:35:38","guid":{"rendered":"http:\/\/translatium.com\/portefolio"},"modified":"2022-04-26T10:56:23","modified_gmt":"2022-04-26T10:56:23","slug":"portefolio","status":"publish","type":"page","link":"https:\/\/translatium.com\/pt-pt\/portefolio","title":{"rendered":"Portef\u00f3lio"},"content":{"rendered":"<p>[et_pb_section fb_built=&#8221;1&#8243; fullwidth=&#8221;on&#8221; _builder_version=&#8221;4.15&#8243; _module_preset=&#8221;default&#8221; global_colors_info=&#8221;{}&#8221;][et_pb_fullwidth_slider _builder_version=&#8221;4.14.8&#8243; _module_preset=&#8221;default&#8221; header_text_align=&#8221;left&#8221; body_font_size=&#8221;50px&#8221; use_background_color_gradient=&#8221;on&#8221; background_color_gradient_start=&#8221;rgba(0,0,0,0.3)&#8221; background_color_gradient_end=&#8221;rgba(0,0,0,0.3)&#8221; background_color_gradient_overlays_image=&#8221;on&#8221; text_orientation=&#8221;left&#8221; module_alignment=&#8221;center&#8221; content_width=&#8221;60%&#8221; content_width_tablet=&#8221;70%&#8221; content_width_phone=&#8221;100%&#8221; content_width_last_edited=&#8221;on|tablet&#8221; custom_padding=&#8221;20px||20px||true|false&#8221; body_font_size_tablet=&#8221;50px&#8221; body_font_size_phone=&#8221;30px&#8221; body_font_size_last_edited=&#8221;on|desktop&#8221; custom_css_slide_description=&#8221;border-left: 4px solid #2c6472;||padding-left: 20px;||margin-left: 35%;&#8221; global_colors_info=&#8221;{}&#8221; custom_css_slide_description__hover_enabled=&#8221;off|desktop&#8221; custom_css_slide_description_last_edited=&#8221;on|phone&#8221; custom_css_slide_description_phone=&#8221;||border-left: 4px solid #2c6472;||padding-left: 20px;||margin-left: 70px;&#8221; custom_css_slide_description_tablet=&#8221;border-left: 4px solid #2c6472;||padding-left: 20px;||margin-left: 100px&#8221;][et_pb_slide heading=&#8221;CASOS  &#8221; _builder_version=&#8221;4.15&#8243; _module_preset=&#8221;default&#8221; background_enable_color=&#8221;off&#8221; background_image=&#8221;http:\/\/translatium.com\/wp-content\/uploads\/2022\/03\/pag-portfolio.jpg&#8221; background_enable_image=&#8221;on&#8221; custom_css_main_element=&#8221;display: flex !important;||flex-direction:row !important;||align-items:center !important;||height: 580px !important;&#8221; global_colors_info=&#8221;{}&#8221; sticky_transition=&#8221;on&#8221;]<\/p>\n<p>BEM-SUCEDIDA<\/p>\n<p>[\/et_pb_slide][\/et_pb_fullwidth_slider][\/et_pb_section][et_pb_section fb_built=&#8221;1&#8243; _builder_version=&#8221;4.15&#8243; _module_preset=&#8221;default&#8221; global_colors_info=&#8221;{}&#8221;][et_pb_row _builder_version=&#8221;4.15&#8243; _module_preset=&#8221;default&#8221; width=&#8221;90%&#8221; width_tablet=&#8221;&#8221; width_phone=&#8221;&#8221; width_last_edited=&#8221;on|phone&#8221; max_width=&#8221;90%&#8221; global_colors_info=&#8221;{}&#8221;][et_pb_column type=&#8221;4_4&#8243; _builder_version=&#8221;4.15&#8243; _module_preset=&#8221;default&#8221; global_colors_info=&#8221;{}&#8221;][et_pb_code _builder_version=&#8221;4.15.1&#8243; _module_preset=&#8221;default&#8221; global_colors_info=&#8221;{}&#8221;]<\/p>\n<div class=\"row\"><!-- [et_pb_line_break_holder] -->        <a href=\"http:\/\/translatium.com\/wp-content\/uploads\/2022\/04\/REBY_casos-de-exito_PT.pdf\"><!-- [et_pb_line_break_holder] -->          <\/p>\n<div class=\"target\"><!-- [et_pb_line_break_holder] -->            <\/p>\n<div class=\"head-target\"><!-- [et_pb_line_break_holder] -->              <img decoding=\"async\"  src=\"http:\/\/translatium.com\/wp-content\/uploads\/2022\/03\/redyrides.png.jpg\"<!-- [et_pb_line_break_holder] --> alt=&#8221;p1&#8243;<!-- [et_pb_line_break_holder] --> \/><!-- [et_pb_line_break_holder] -->            <\/div>\n<p><!-- [et_pb_line_break_holder] -->            <\/p>\n<div class=\"body-target\"><!-- [et_pb_line_break_holder] -->              <\/p>\n<h4>Reby Rides SL<\/h4>\n<p><!-- [et_pb_line_break_holder] -->            <\/div>\n<p><!-- [et_pb_line_break_holder] -->          <\/div>\n<p><!-- [et_pb_line_break_holder] -->        <\/a><!-- [et_pb_line_break_holder] -->        <a href=\"http:\/\/translatium.com\/wp-content\/uploads\/2022\/04\/DUNKIN_CASO-EXITO_PT.pdf\"><!-- [et_pb_line_break_holder] -->          <\/p>\n<div class=\"target\"><!-- [et_pb_line_break_holder] -->            <\/p>\n<div class=\"head-target\"><!-- [et_pb_line_break_holder] -->              <img decoding=\"async\" src=\"http:\/\/translatium.com\/wp-content\/uploads\/2022\/03\/dunkin-portada.jpg\"<!-- [et_pb_line_break_holder] --> alt=&#8221;p1&#8243;<!-- [et_pb_line_break_holder] --> \/><!-- [et_pb_line_break_holder] -->            <\/div>\n<p><!-- [et_pb_line_break_holder] -->            <\/p>\n<div class=\"body-target\"><!-- [et_pb_line_break_holder] -->              <\/p>\n<h4>Muito para partilhar<\/h4>\n<p><!-- [et_pb_line_break_holder] -->            <\/div>\n<p><!-- [et_pb_line_break_holder] -->          <\/div>\n<p><!-- [et_pb_line_break_holder] -->        <\/a><!-- [et_pb_line_break_holder] -->        <a href=\"http:\/\/translatium.com\/wp-content\/uploads\/2022\/04\/LV_casos-de-exito_PT.pdf\"><!-- [et_pb_line_break_holder] -->          <\/p>\n<div class=\"target\"><!-- [et_pb_line_break_holder] -->            <\/p>\n<div class=\"head-target\"><!-- [et_pb_line_break_holder] -->              <img decoding=\"async\" src=\"http:\/\/translatium.com\/wp-content\/uploads\/2022\/03\/louis-vuitton.png\"<!-- [et_pb_line_break_holder] --> alt=&#8221;p1&#8243;<!-- [et_pb_line_break_holder] --> \/><!-- [et_pb_line_break_holder] -->            <\/div>\n<p><!-- [et_pb_line_break_holder] -->            <\/p>\n<div class=\"body-target\"><!-- [et_pb_line_break_holder] -->              <\/p>\n<h4>Louis-Vuitton<\/h4>\n<p><!-- [et_pb_line_break_holder] -->            <\/div>\n<p><!-- [et_pb_line_break_holder] -->          <\/div>\n<p><!-- [et_pb_line_break_holder] -->        <\/a><!-- [et_pb_line_break_holder] -->        <a href=\"http:\/\/translatium.com\/wp-content\/uploads\/2022\/04\/SHACK_casos-de-exito-PT.pdf\"><!-- [et_pb_line_break_holder] --><!-- [et_pb_line_break_holder] -->            <\/p>\n<div class=\"target\"><!-- [et_pb_line_break_holder] -->                <\/p>\n<div class=\"head-target\"><!-- [et_pb_line_break_holder] -->                    <img decoding=\"async\" src=\"http:\/\/translatium.com\/wp-content\/uploads\/2022\/03\/rubius.png\"<!-- [et_pb_line_break_holder] --> alt=&#8221;p1&#8243;<!-- [et_pb_line_break_holder] --> \/><!-- [et_pb_line_break_holder] -->                <\/div>\n<p><!-- [et_pb_line_break_holder] -->                <\/p>\n<div class=\"body-target\"><!-- [et_pb_line_break_holder] -->                    <\/p>\n<h4>Esta\u00e7\u00e3o Shackleton<\/h4>\n<p><!-- [et_pb_line_break_holder] -->                <\/div>\n<p><!-- [et_pb_line_break_holder] -->            <\/div>\n<p><!-- [et_pb_line_break_holder] -->        <\/a><!-- [et_pb_line_break_holder] -->        <\/div>\n<p>[\/et_pb_code][\/et_pb_column][\/et_pb_row][\/et_pb_section][et_pb_section fb_built=&#8221;1&#8243; _builder_version=&#8221;4.15&#8243; _module_preset=&#8221;default&#8221; background_color=&#8221;#2c6472&#8243; global_colors_info=&#8221;{}&#8221; global_module=&#8221;2634&#8243; theme_builder_area=&#8221;post_content&#8221;][et_pb_row column_structure=&#8221;1_4,1_4,1_4,1_4&#8243; use_custom_gutter=&#8221;on&#8221; gutter_width=&#8221;1&#8243; make_equal=&#8221;on&#8221; _builder_version=&#8221;4.15&#8243; _module_preset=&#8221;default&#8221; width=&#8221;100%&#8221; width_tablet=&#8221;100%&#8221; width_phone=&#8221;80%&#8221; width_last_edited=&#8221;on|phone&#8221; max_width=&#8221;95%&#8221; max_width_tablet=&#8221;95%&#8221; max_width_phone=&#8221;80%&#8221; max_width_last_edited=&#8221;on|phone&#8221; global_colors_info=&#8221;{}&#8221; theme_builder_area=&#8221;post_content&#8221;][et_pb_column type=&#8221;1_4&#8243; _builder_version=&#8221;4.15&#8243; _module_preset=&#8221;default&#8221; global_colors_info=&#8221;{}&#8221; theme_builder_area=&#8221;post_content&#8221;][et_pb_image src=&#8221;http:\/\/translatium.com\/wp-content\/uploads\/2022\/04\/PT-DIGITAL.png&#8221; title_text=&#8221;PT&#8212;DIGITAL&#8221; url=&#8221;http:\/\/translatium.com\/pt-pt&#8221; _builder_version=&#8221;4.15.1&#8243; _module_preset=&#8221;default&#8221; custom_margin=&#8221;||5px||false|false&#8221; global_colors_info=&#8221;{}&#8221; theme_builder_area=&#8221;post_content&#8221;][\/et_pb_image][et_pb_text _builder_version=&#8221;4.15.1&#8243; _module_preset=&#8221;default&#8221; text_font=&#8221;||on||||||&#8221; text_text_color=&#8221;#FFFFFF&#8221; text_orientation_tablet=&#8221;&#8221; text_orientation_phone=&#8221;center&#8221; text_orientation_last_edited=&#8221;on|phone&#8221; global_colors_info=&#8221;{}&#8221; theme_builder_area=&#8221;post_content&#8221;]<\/p>\n<p>Somos a sua ag\u00eancia de tradu\u00e7\u00e3o diferente. Um bom servi\u00e7o, solu\u00e7\u00f5es r\u00e1pidas e eficazes quando o tempo o exige, e a aten\u00e7\u00e3o personalizada fazem de n\u00f3s um aliado.<\/p>\n<p>[\/et_pb_text][et_pb_text _builder_version=&#8221;4.15&#8243; _module_preset=&#8221;default&#8221; text_text_color=&#8221;#FFFFFF&#8221; text_orientation=&#8221;center&#8221; max_width=&#8221;70%&#8221; module_alignment=&#8221;center&#8221; custom_margin=&#8221;20px|15px|0px||false|false&#8221; custom_padding=&#8221;10px|8px|10px|8px|true|true&#8221; text_orientation_tablet=&#8221;center&#8221; text_orientation_phone=&#8221;center&#8221; text_orientation_last_edited=&#8221;on|phone&#8221; module_alignment_tablet=&#8221;center&#8221; module_alignment_phone=&#8221;center&#8221; module_alignment_last_edited=&#8221;on|phone&#8221; border_color_right=&#8221;#FFFFFF&#8221; border_color_left=&#8221;#FFFFFF&#8221; global_colors_info=&#8221;{}&#8221; theme_builder_area=&#8221;post_content&#8221;]<\/p>\n<div class=\"fontaw-icons-footer\">\n<p><a href=\"https:\/\/wa.link\/geb2fp\" target=\"_blank\" rel=\"noopener\"><i class=\"fa-brands fa-whatsapp fa-2xl\"><\/i><\/a><\/p>\n<p><a href=\"https:\/\/www.instagram.com\/translatium\/?hl=es\" target=\"_blank\" rel=\"noopener\"><i class=\"fa-brands fa-instagram fa-2xl\"><\/i><\/a><\/p>\n<p><a href=\"https:\/\/www.linkedin.com\/company\/2984977\/admin\/\" target=\"_blank\" rel=\"noopener\"><i class=\"fa-brands fa-linkedin fa-2xl\"><\/i><\/a><\/p>\n<\/div>\n<p>[\/et_pb_text][\/et_pb_column][et_pb_column type=&#8221;1_4&#8243; _builder_version=&#8221;4.15&#8243; _module_preset=&#8221;default&#8221; custom_padding=&#8221;25px||||false|false&#8221; global_colors_info=&#8221;{}&#8221; theme_builder_area=&#8221;post_content&#8221;][et_pb_text _builder_version=&#8221;4.15&#8243; _module_preset=&#8221;default&#8221; text_font=&#8221;|700|||||||&#8221; text_text_color=&#8221;#FFFFFF&#8221; max_width=&#8221;40%&#8221; module_alignment=&#8221;center&#8221; custom_margin=&#8221;||20px||false|false&#8221; custom_padding=&#8221;|||10px|false|false&#8221; border_width_left=&#8221;2px&#8221; border_color_left=&#8221;#FFFFFF&#8221; global_colors_info=&#8221;{}&#8221; theme_builder_area=&#8221;post_content&#8221;]<\/p>\n<p>Menu<\/p>\n<p>[\/et_pb_text][et_pb_text _builder_version=&#8221;4.15&#8243; _module_preset=&#8221;default&#8221; text_font=&#8221;|300|||||||&#8221; text_text_color=&#8221;#FFFFFF&#8221; text_line_height=&#8221;0.5em&#8221; max_width=&#8221;40%&#8221; module_alignment=&#8221;center&#8221; custom_padding=&#8221;|||10px|false|false&#8221; global_colors_info=&#8221;{}&#8221; theme_builder_area=&#8221;post_content&#8221;]<\/p>\n<p><a href=\"\/\">In\u00edcio<\/a><\/p>\n<p><a href=\"https:\/\/translatium.com\/pt-pt\/nos\">N\u00f3s<\/a><\/p>\n<p><a href=\"https:\/\/translatium.com\/pt-pt\/servicos\">Servi\u00e7os<\/a><\/p>\n<p><a href=\"https:\/\/translatium.com\/pt-pt\/estudio\">Est\u00fadio<\/a><\/p>\n<p><a href=\"https:\/\/translatium.com\/pt-pt\/contacto\">Contacto<\/a><\/p>\n<p>[\/et_pb_text][\/et_pb_column][et_pb_column type=&#8221;1_4&#8243; _builder_version=&#8221;4.15&#8243; _module_preset=&#8221;default&#8221; custom_padding=&#8221;25px||||false|false&#8221; global_colors_info=&#8221;{}&#8221; theme_builder_area=&#8221;post_content&#8221;][et_pb_text _builder_version=&#8221;4.15&#8243; _module_preset=&#8221;default&#8221; text_font=&#8221;|700|||||||&#8221; text_text_color=&#8221;#FFFFFF&#8221; max_width=&#8221;45%&#8221; module_alignment=&#8221;center&#8221; custom_margin=&#8221;||20px||false|false&#8221; custom_padding=&#8221;|||10px|false|false&#8221; border_width_left=&#8221;2px&#8221; border_color_left=&#8221;#FFFFFF&#8221; global_colors_info=&#8221;{}&#8221; theme_builder_area=&#8221;post_content&#8221;]<\/p>\n<p>Navega\u00e7\u00e3o<\/p>\n<p>[\/et_pb_text][et_pb_text _builder_version=&#8221;4.15&#8243; _module_preset=&#8221;default&#8221; text_font=&#8221;|300|||||||&#8221; text_text_color=&#8221;#FFFFFF&#8221; text_line_height=&#8221;0.5em&#8221; max_width=&#8221;40%&#8221; module_alignment=&#8221;center&#8221; custom_padding=&#8221;|||10px|false|false&#8221; global_colors_info=&#8221;{}&#8221; theme_builder_area=&#8221;post_content&#8221;]<\/p>\n<p><a href=\"#clientes\">Clientes<\/a><\/p>\n<p><a href=\"https:\/\/translatium.com\/pt-pt\/nos#equipo\">Equipa<\/a><\/p>\n<p>[\/et_pb_text][\/et_pb_column][et_pb_column type=&#8221;1_4&#8243; _builder_version=&#8221;4.15&#8243; _module_preset=&#8221;default&#8221; custom_padding=&#8221;25px||||false|false&#8221; global_colors_info=&#8221;{}&#8221; theme_builder_area=&#8221;post_content&#8221;][et_pb_text _builder_version=&#8221;4.15&#8243; _module_preset=&#8221;default&#8221; text_font=&#8221;|300|||||||&#8221; text_text_color=&#8221;#FFFFFF&#8221; text_line_height=&#8221;1em&#8221; module_alignment=&#8221;center&#8221; custom_margin=&#8221;28px|||||&#8221; custom_padding=&#8221;|||10px|false|false&#8221; global_colors_info=&#8221;{}&#8221; theme_builder_area=&#8221;post_content&#8221;]<\/p>\n<p style=\"text-align: center;\">QUER TRABALHAR CONNOSCO?<\/p>\n<p style=\"text-align: center;\"><a href=\"mailto:freelance@translatium.com\" target=\"_blank\" rel=\"noopener\">Envie-nos o seu CV<\/a><\/p>\n<p style=\"text-align: center;\">FA\u00c7A O SEU EST\u00c1GIO NO TRANSLATIUM<\/p>\n<p style=\"text-align: center;\"><a href=\"mailto:talent@translatium.com\" target=\"_blank\" rel=\"noopener\">Contacto<\/a><\/p>\n<p>[\/et_pb_text][\/et_pb_column][\/et_pb_row][\/et_pb_section]<\/p>\n","protected":false},"excerpt":{"rendered":"<p>BEM-SUCEDIDASomos a sua ag\u00eancia de tradu\u00e7\u00e3o diferente. Um bom servi\u00e7o, solu\u00e7\u00f5es r\u00e1pidas e eficazes quando o tempo o exige, e a aten\u00e7\u00e3o personalizada fazem de n\u00f3s um aliado. MenuIn\u00edcio N\u00f3s Servi\u00e7os Est\u00fadio ContactoNavega\u00e7\u00e3oClientes EquipaQUER TRABALHAR CONNOSCO? Envie-nos o seu CV FA\u00c7A O SEU EST\u00c1GIO NO TRANSLATIUM Contacto<\/p>\n","protected":false},"author":1,"featured_media":0,"parent":0,"menu_order":0,"comment_status":"closed","ping_status":"closed","template":"","meta":{"_et_pb_use_builder":"on","_et_pb_old_content":"","_et_gb_content_width":"","footnotes":""},"class_list":["post-1750","page","type-page","status-publish","hentry"],"yoast_head":"<!-- This site is optimized with the Yoast SEO plugin v27.3 - https:\/\/yoast.com\/product\/yoast-seo-wordpress\/ -->\n<title>Portef\u00f3lio - Translatium<\/title>\n<meta name=\"robots\" content=\"index, follow, max-snippet:-1, max-image-preview:large, max-video-preview:-1\" \/>\n<link rel=\"canonical\" href=\"https:\/\/translatium.com\/pt-pt\/portefolio\" \/>\n<meta property=\"og:locale\" content=\"pt_PT\" \/>\n<meta property=\"og:type\" content=\"article\" \/>\n<meta property=\"og:title\" content=\"Portef\u00f3lio - Translatium\" \/>\n<meta property=\"og:description\" content=\"BEM-SUCEDIDASomos a sua ag\u00eancia de tradu\u00e7\u00e3o diferente. Um bom servi\u00e7o, solu\u00e7\u00f5es r\u00e1pidas e eficazes quando o tempo o exige, e a aten\u00e7\u00e3o personalizada fazem de n\u00f3s um aliado. MenuIn\u00edcio N\u00f3s Servi\u00e7os Est\u00fadio ContactoNavega\u00e7\u00e3oClientes EquipaQUER TRABALHAR CONNOSCO? Envie-nos o seu CV FA\u00c7A O SEU EST\u00c1GIO NO TRANSLATIUM Contacto\" \/>\n<meta property=\"og:url\" content=\"https:\/\/translatium.com\/pt-pt\/portefolio\" \/>\n<meta property=\"og:site_name\" content=\"Translatium\" \/>\n<meta property=\"article:publisher\" content=\"https:\/\/www.facebook.com\/Translatium\" \/>\n<meta property=\"article:modified_time\" content=\"2022-04-26T10:56:23+00:00\" \/>\n<meta property=\"og:image\" content=\"http:\/\/translatium.com\/wp-content\/uploads\/2022\/03\/redyrides.png.jpg\" \/>\n<meta name=\"twitter:card\" content=\"summary_large_image\" \/>\n<meta name=\"twitter:site\" content=\"@translatium\" \/>\n<meta name=\"twitter:label1\" content=\"Tempo estimado de leitura\" \/>\n\t<meta name=\"twitter:data1\" content=\"5 minutos\" \/>\n<script type=\"application\/ld+json\" class=\"yoast-schema-graph\">{\"@context\":\"https:\\\/\\\/schema.org\",\"@graph\":[{\"@type\":\"WebPage\",\"@id\":\"https:\\\/\\\/translatium.com\\\/pt-pt\\\/portefolio\",\"url\":\"https:\\\/\\\/translatium.com\\\/pt-pt\\\/portefolio\",\"name\":\"Portef\u00f3lio - Translatium\",\"isPartOf\":{\"@id\":\"https:\\\/\\\/translatium.com\\\/pt-pt#website\"},\"primaryImageOfPage\":{\"@id\":\"https:\\\/\\\/translatium.com\\\/pt-pt\\\/portefolio#primaryimage\"},\"image\":{\"@id\":\"https:\\\/\\\/translatium.com\\\/pt-pt\\\/portefolio#primaryimage\"},\"thumbnailUrl\":\"http:\\\/\\\/translatium.com\\\/wp-content\\\/uploads\\\/2022\\\/03\\\/redyrides.png.jpg\",\"datePublished\":\"2022-03-17T13:35:38+00:00\",\"dateModified\":\"2022-04-26T10:56:23+00:00\",\"breadcrumb\":{\"@id\":\"https:\\\/\\\/translatium.com\\\/pt-pt\\\/portefolio#breadcrumb\"},\"inLanguage\":\"pt-PT\",\"potentialAction\":[{\"@type\":\"ReadAction\",\"target\":[\"https:\\\/\\\/translatium.com\\\/pt-pt\\\/portefolio\"]}]},{\"@type\":\"ImageObject\",\"inLanguage\":\"pt-PT\",\"@id\":\"https:\\\/\\\/translatium.com\\\/pt-pt\\\/portefolio#primaryimage\",\"url\":\"http:\\\/\\\/translatium.com\\\/wp-content\\\/uploads\\\/2022\\\/03\\\/redyrides.png.jpg\",\"contentUrl\":\"http:\\\/\\\/translatium.com\\\/wp-content\\\/uploads\\\/2022\\\/03\\\/redyrides.png.jpg\"},{\"@type\":\"BreadcrumbList\",\"@id\":\"https:\\\/\\\/translatium.com\\\/pt-pt\\\/portefolio#breadcrumb\",\"itemListElement\":[{\"@type\":\"ListItem\",\"position\":1,\"name\":\"Inicio\",\"item\":\"https:\\\/\\\/translatium.com\\\/pt-pt\"},{\"@type\":\"ListItem\",\"position\":2,\"name\":\"Portef\u00f3lio\"}]},{\"@type\":\"WebSite\",\"@id\":\"https:\\\/\\\/translatium.com\\\/pt-pt#website\",\"url\":\"https:\\\/\\\/translatium.com\\\/pt-pt\",\"name\":\"Translatium\",\"description\":\"\",\"publisher\":{\"@id\":\"https:\\\/\\\/translatium.com\\\/pt-pt#organization\"},\"potentialAction\":[{\"@type\":\"SearchAction\",\"target\":{\"@type\":\"EntryPoint\",\"urlTemplate\":\"https:\\\/\\\/translatium.com\\\/pt-pt?s={search_term_string}\"},\"query-input\":{\"@type\":\"PropertyValueSpecification\",\"valueRequired\":true,\"valueName\":\"search_term_string\"}}],\"inLanguage\":\"pt-PT\"},{\"@type\":\"Organization\",\"@id\":\"https:\\\/\\\/translatium.com\\\/pt-pt#organization\",\"name\":\"Translatium\",\"url\":\"https:\\\/\\\/translatium.com\\\/pt-pt\",\"logo\":{\"@type\":\"ImageObject\",\"inLanguage\":\"pt-PT\",\"@id\":\"https:\\\/\\\/translatium.com\\\/pt-pt#\\\/schema\\\/logo\\\/image\\\/\",\"url\":\"https:\\\/\\\/translatium.com\\\/wp-content\\\/uploads\\\/2022\\\/11\\\/Isotipo_DIGITAL.jpg\",\"contentUrl\":\"https:\\\/\\\/translatium.com\\\/wp-content\\\/uploads\\\/2022\\\/11\\\/Isotipo_DIGITAL.jpg\",\"width\":626,\"height\":626,\"caption\":\"Translatium\"},\"image\":{\"@id\":\"https:\\\/\\\/translatium.com\\\/pt-pt#\\\/schema\\\/logo\\\/image\\\/\"},\"sameAs\":[\"https:\\\/\\\/www.facebook.com\\\/Translatium\",\"https:\\\/\\\/x.com\\\/translatium\",\"https:\\\/\\\/www.instagram.com\\\/translatium\\\/\",\"https:\\\/\\\/www.linkedin.com\\\/company\\\/translatium-multilingual-services-sl\"]}]}<\/script>\n<!-- \/ Yoast SEO plugin. -->","yoast_head_json":{"title":"Portef\u00f3lio - Translatium","robots":{"index":"index","follow":"follow","max-snippet":"max-snippet:-1","max-image-preview":"max-image-preview:large","max-video-preview":"max-video-preview:-1"},"canonical":"https:\/\/translatium.com\/pt-pt\/portefolio","og_locale":"pt_PT","og_type":"article","og_title":"Portef\u00f3lio - Translatium","og_description":"BEM-SUCEDIDASomos a sua ag\u00eancia de tradu\u00e7\u00e3o diferente. Um bom servi\u00e7o, solu\u00e7\u00f5es r\u00e1pidas e eficazes quando o tempo o exige, e a aten\u00e7\u00e3o personalizada fazem de n\u00f3s um aliado. MenuIn\u00edcio N\u00f3s Servi\u00e7os Est\u00fadio ContactoNavega\u00e7\u00e3oClientes EquipaQUER TRABALHAR CONNOSCO? Envie-nos o seu CV FA\u00c7A O SEU EST\u00c1GIO NO TRANSLATIUM Contacto","og_url":"https:\/\/translatium.com\/pt-pt\/portefolio","og_site_name":"Translatium","article_publisher":"https:\/\/www.facebook.com\/Translatium","article_modified_time":"2022-04-26T10:56:23+00:00","og_image":[{"url":"http:\/\/translatium.com\/wp-content\/uploads\/2022\/03\/redyrides.png.jpg","type":"","width":"","height":""}],"twitter_card":"summary_large_image","twitter_site":"@translatium","twitter_misc":{"Tempo estimado de leitura":"5 minutos"},"schema":{"@context":"https:\/\/schema.org","@graph":[{"@type":"WebPage","@id":"https:\/\/translatium.com\/pt-pt\/portefolio","url":"https:\/\/translatium.com\/pt-pt\/portefolio","name":"Portef\u00f3lio - Translatium","isPartOf":{"@id":"https:\/\/translatium.com\/pt-pt#website"},"primaryImageOfPage":{"@id":"https:\/\/translatium.com\/pt-pt\/portefolio#primaryimage"},"image":{"@id":"https:\/\/translatium.com\/pt-pt\/portefolio#primaryimage"},"thumbnailUrl":"http:\/\/translatium.com\/wp-content\/uploads\/2022\/03\/redyrides.png.jpg","datePublished":"2022-03-17T13:35:38+00:00","dateModified":"2022-04-26T10:56:23+00:00","breadcrumb":{"@id":"https:\/\/translatium.com\/pt-pt\/portefolio#breadcrumb"},"inLanguage":"pt-PT","potentialAction":[{"@type":"ReadAction","target":["https:\/\/translatium.com\/pt-pt\/portefolio"]}]},{"@type":"ImageObject","inLanguage":"pt-PT","@id":"https:\/\/translatium.com\/pt-pt\/portefolio#primaryimage","url":"http:\/\/translatium.com\/wp-content\/uploads\/2022\/03\/redyrides.png.jpg","contentUrl":"http:\/\/translatium.com\/wp-content\/uploads\/2022\/03\/redyrides.png.jpg"},{"@type":"BreadcrumbList","@id":"https:\/\/translatium.com\/pt-pt\/portefolio#breadcrumb","itemListElement":[{"@type":"ListItem","position":1,"name":"Inicio","item":"https:\/\/translatium.com\/pt-pt"},{"@type":"ListItem","position":2,"name":"Portef\u00f3lio"}]},{"@type":"WebSite","@id":"https:\/\/translatium.com\/pt-pt#website","url":"https:\/\/translatium.com\/pt-pt","name":"Translatium","description":"","publisher":{"@id":"https:\/\/translatium.com\/pt-pt#organization"},"potentialAction":[{"@type":"SearchAction","target":{"@type":"EntryPoint","urlTemplate":"https:\/\/translatium.com\/pt-pt?s={search_term_string}"},"query-input":{"@type":"PropertyValueSpecification","valueRequired":true,"valueName":"search_term_string"}}],"inLanguage":"pt-PT"},{"@type":"Organization","@id":"https:\/\/translatium.com\/pt-pt#organization","name":"Translatium","url":"https:\/\/translatium.com\/pt-pt","logo":{"@type":"ImageObject","inLanguage":"pt-PT","@id":"https:\/\/translatium.com\/pt-pt#\/schema\/logo\/image\/","url":"https:\/\/translatium.com\/wp-content\/uploads\/2022\/11\/Isotipo_DIGITAL.jpg","contentUrl":"https:\/\/translatium.com\/wp-content\/uploads\/2022\/11\/Isotipo_DIGITAL.jpg","width":626,"height":626,"caption":"Translatium"},"image":{"@id":"https:\/\/translatium.com\/pt-pt#\/schema\/logo\/image\/"},"sameAs":["https:\/\/www.facebook.com\/Translatium","https:\/\/x.com\/translatium","https:\/\/www.instagram.com\/translatium\/","https:\/\/www.linkedin.com\/company\/translatium-multilingual-services-sl"]}]}},"jetpack_sharing_enabled":true,"_links":{"self":[{"href":"https:\/\/translatium.com\/pt-pt\/wp-json\/wp\/v2\/pages\/1750","targetHints":{"allow":["GET"]}}],"collection":[{"href":"https:\/\/translatium.com\/pt-pt\/wp-json\/wp\/v2\/pages"}],"about":[{"href":"https:\/\/translatium.com\/pt-pt\/wp-json\/wp\/v2\/types\/page"}],"author":[{"embeddable":true,"href":"https:\/\/translatium.com\/pt-pt\/wp-json\/wp\/v2\/users\/1"}],"replies":[{"embeddable":true,"href":"https:\/\/translatium.com\/pt-pt\/wp-json\/wp\/v2\/comments?post=1750"}],"version-history":[{"count":7,"href":"https:\/\/translatium.com\/pt-pt\/wp-json\/wp\/v2\/pages\/1750\/revisions"}],"predecessor-version":[{"id":3310,"href":"https:\/\/translatium.com\/pt-pt\/wp-json\/wp\/v2\/pages\/1750\/revisions\/3310"}],"wp:attachment":[{"href":"https:\/\/translatium.com\/pt-pt\/wp-json\/wp\/v2\/media?parent=1750"}],"curies":[{"name":"wp","href":"https:\/\/api.w.org\/{rel}","templated":true}]}}